{"id":58,"date":"2025-01-01T20:17:13","date_gmt":"2025-01-01T17:17:13","guid":{"rendered":"https:\/\/tfprotex.com\/?page_id=58"},"modified":"2025-01-01T20:17:13","modified_gmt":"2025-01-01T17:17:13","slug":"hakkimizda","status":"publish","type":"page","link":"https:\/\/tfprotex.com\/?page_id=58","title":{"rendered":"Hakk\u0131m\u0131zda"},"content":{"rendered":"\n<div class=\"wp-block-columns is-layout-flex wp-container-core-columns-is-layout-1 wp-block-columns-is-layout-flex\">\n<div class=\"wp-block-column is-layout-flow wp-block-column-is-layout-flow\" style=\"flex-basis:100%\">\n<p><strong>Tfprotex Fabric ; Kalitenin ve G\u00fcvenin Dokundu\u011fu Her an..<\/strong><\/p>\n<\/div>\n<\/div>\n\n\n\n<p>Kuma\u015f \u00fcretimi ve sat\u0131\u015f\u0131nda, y\u0131llar\u0131n tecr\u00fcbesiyle kuma\u015f\u0131n dilinden anlamay\u0131 sanata d\u00f6n\u00fc\u015ft\u00fcr\u00fcyoruz. Her iplikten olu\u015fan her bir \u00fcr\u00fcn bizim i\u00e7in bir tutku; her m\u00fc\u015fteri ise bir dost. Kaliteyi, g\u00fcveni ve d\u00fczg\u00fcn hizmeti misyon edinen firmam\u0131z, her detayda bu de\u011ferleri ya\u015fatmay\u0131 ama\u00e7l\u0131yor.<\/p>\n","protected":false},"excerpt":{"rendered":"<p>Tfprotex Fabric ; Kalitenin ve G\u00fcvenin Dokundu\u011fu Her an.. Kuma\u015f \u00fcretimi ve sat\u0131\u015f\u0131nda, y\u0131llar\u0131n tecr\u00fcbesiyle kuma\u015f\u0131n dilinden anlamay\u0131 sanata d\u00f6n\u00fc\u015ft\u00fcr\u00fcyoruz. Her iplikten olu\u015fan her bir \u00fcr\u00fcn bizim i\u00e7in bir tutku; her m\u00fc\u015fteri ise bir dost. Kaliteyi, g\u00fcveni ve d\u00fczg\u00fcn hizmeti misyon edinen firmam\u0131z, her detayda bu de\u011ferleri ya\u015fatmay\u0131 ama\u00e7l\u0131yor.<\/p>\n","protected":false},"author":1,"featured_media":0,"parent":0,"menu_order":0,"comment_status":"closed","ping_status":"closed","template":"","meta":{"footnotes":""},"class_list":["post-58","page","type-page","status-publish","hentry"],"_links":{"self":[{"href":"https:\/\/tfprotex.com\/index.php?rest_route=\/wp\/v2\/pages\/58","targetHints":{"allow":["GET"]}}],"collection":[{"href":"https:\/\/tfprotex.com\/index.php?rest_route=\/wp\/v2\/pages"}],"about":[{"href":"https:\/\/tfprotex.com\/index.php?rest_route=\/wp\/v2\/types\/page"}],"author":[{"embeddable":true,"href":"https:\/\/tfprotex.com\/index.php?rest_route=\/wp\/v2\/users\/1"}],"replies":[{"embeddable":true,"href":"https:\/\/tfprotex.com\/index.php?rest_route=%2Fwp%2Fv2%2Fcomments&post=58"}],"version-history":[{"count":2,"href":"https:\/\/tfprotex.com\/index.php?rest_route=\/wp\/v2\/pages\/58\/revisions"}],"predecessor-version":[{"id":60,"href":"https:\/\/tfprotex.com\/index.php?rest_route=\/wp\/v2\/pages\/58\/revisions\/60"}],"wp:attachment":[{"href":"https:\/\/tfprotex.com\/index.php?rest_route=%2Fwp%2Fv2%2Fmedia&parent=58"}],"curies":[{"name":"wp","href":"https:\/\/api.w.org\/{rel}","templated":true}]}}